{"id":11997,"date":"2023-01-19T15:06:55","date_gmt":"2023-01-19T13:06:55","guid":{"rendered":"https:\/\/cretanprivatetransfers.com\/?page_id=11997"},"modified":"2023-01-19T15:16:22","modified_gmt":"2023-01-19T13:16:22","slug":"safety-payments-and-cancellation","status":"publish","type":"page","link":"https:\/\/cretanprivatetransfers.com\/de\/sicherheit-zahlungen-und-stornierungen\/","title":{"rendered":"Sicherheit, Zahlungen und Stornierung"},"content":{"rendered":"<h1 class=\"wp-block-heading\">Sicherheit, Zahlungen und Stornierung<\/h1>\n\n\n\n<h2 class=\"wp-block-heading\">Wie soll ich bezahlen?<\/h2>\n\n\n\n<p>Wir akzeptieren alle g\u00e4ngigen Kredit- und Debitkarten: Visa Credit Card, Visa Debit Card, Mastercard, Maestro und AmEx. Bei der Buchung wird eine vollst\u00e4ndige Zahlung f\u00fcr den Service verlangt, die bis zu 48 Stunden vor Beginn des ersten Transfers vollst\u00e4ndig erstattet werden kann.<\/p>\n\n\n\n<h2 class=\"wp-block-heading\">Ist es sicher?<\/h2>\n\n\n\n<p>Um den Schutz Ihrer pers\u00f6nlichen Daten zu gew\u00e4hrleisten, verwendet die CreteCab-Website SSL (Secure Sockets Layer), zertifiziert von\u00a0<strong>Let's Encrypt<\/strong>Let's encrypt ist eines der zuverl\u00e4ssigsten Medien f\u00fcr sichere Transaktionen \u00fcber das Internet auf globaler Ebene. Mit dieser Technologie werden alle Informationen, die Sie auf unserer Website eingeben, verschl\u00fcsselt, bevor sie online gehen, und dann wird die Authentizit\u00e4t der Nachricht und des Servers untersucht.<\/p>\n\n\n\n<p>Alle Zahlungen, die mit der Karte get\u00e4tigt werden, werden \u00fcber die elektronische Zahlungsplattform \"ePOS Paycenter\" der Piraeus Bank abgewickelt und verwenden das Verschl\u00fcsselungsprotokoll TLS 1.1 mit 128-Bit-Verschl\u00fcsselung (Secure Sockets Layer - SSL). Bei der Verschl\u00fcsselung werden die Informationen so lange kodiert, bis sie den Empf\u00e4nger erreichen, der sie mit dem entsprechenden Schl\u00fcssel entschl\u00fcsseln kann.<\/p>\n\n\n\n<h2 class=\"wp-block-heading\">Stornierung und R\u00fcckerstattung<\/h2>\n\n\n\n<p>Sie k\u00f6nnen Ihre Transferbuchung bis zu 48 Stunden vor Beginn der ersten Etappe stornieren, indem Sie uns per E-Mail kontaktieren.<\/p>","protected":false},"excerpt":{"rendered":"<p>Sicherheit, Zahlungen &amp; Stornierung Wie kann ich bezahlen? Wir akzeptieren alle g\u00e4ngigen Kredit- und Debitkarten: Visa Credit Card, Visa Debit Card, Mastercard, Maestro und AmEx. Bei der Buchung m\u00fcssen Sie den vollen Betrag f\u00fcr die Dienstleistung bezahlen. Dieser kann bis zu 48 Stunden vor Beginn des ersten Transfers vollst\u00e4ndig zur\u00fcckerstattet werden. Ist es sicher? [...]<\/p>","protected":false},"author":1,"featured_media":0,"parent":0,"menu_order":0,"comment_status":"closed","ping_status":"closed","template":"","meta":{"inline_featured_image":false,"footnotes":""},"class_list":["post-11997","page","type-page","status-publish","hentry"],"_links":{"self":[{"href":"https:\/\/cretanprivatetransfers.com\/de\/wp-json\/wp\/v2\/pages\/11997","targetHints":{"allow":["GET"]}}],"collection":[{"href":"https:\/\/cretanprivatetransfers.com\/de\/wp-json\/wp\/v2\/pages"}],"about":[{"href":"https:\/\/cretanprivatetransfers.com\/de\/wp-json\/wp\/v2\/types\/page"}],"author":[{"embeddable":true,"href":"https:\/\/cretanprivatetransfers.com\/de\/wp-json\/wp\/v2\/users\/1"}],"replies":[{"embeddable":true,"href":"https:\/\/cretanprivatetransfers.com\/de\/wp-json\/wp\/v2\/comments?post=11997"}],"version-history":[{"count":0,"href":"https:\/\/cretanprivatetransfers.com\/de\/wp-json\/wp\/v2\/pages\/11997\/revisions"}],"wp:attachment":[{"href":"https:\/\/cretanprivatetransfers.com\/de\/wp-json\/wp\/v2\/media?parent=11997"}],"curies":[{"name":"wp","href":"https:\/\/api.w.org\/{rel}","templated":true}]}}